{"id":267,"date":"2022-08-11T12:49:47","date_gmt":"2022-08-11T15:49:47","guid":{"rendered":"http:\/\/franciscoreisbastos.com.br\/?page_id=267"},"modified":"2022-08-17T22:06:52","modified_gmt":"2022-08-18T01:06:52","slug":"contra-contos","status":"publish","type":"page","link":"https:\/\/franciscoreisbastos.com.br\/?page_id=267","title":{"rendered":"CONTRACONTOS"},"content":{"rendered":"\t\t<div data-elementor-type=\"wp-page\" data-elementor-id=\"267\" class=\"elementor elementor-267\">\n\t\t\t\t\t\t\t\t\t<section class=\"elementor-section elementor-top-section elementor-element elementor-element-6238ec2 elementor-section-boxed elementor-section-height-default elementor-section-height-default\" data-id=\"6238ec2\" data-element_type=\"section\">\n\t\t\t\t\t\t<div class=\"elementor-container elementor-column-gap-default\">\n\t\t\t\t\t<div class=\"elementor-column elementor-col-100 elementor-top-column elementor-element elementor-element-68bd7f1\" data-id=\"68bd7f1\" data-element_type=\"column\">\n\t\t\t<div class=\"elementor-widget-wrap elementor-element-populated\">\n\t\t\t\t\t\t\t\t<div class=\"elementor-element elementor-element-654a905 elementor-widget elementor-widget-image\" data-id=\"654a905\" data-element_type=\"widget\" data-widget_type=\"image.default\">\n\t\t\t\t<div class=\"elementor-widget-container\">\n\t\t\t<style>\/*! elementor - v3.6.7 - 03-07-2022 *\/\n.elementor-widget-image{text-align:center}.elementor-widget-image a{display:inline-block}.elementor-widget-image a img[src$=\".svg\"]{width:48px}.elementor-widget-image img{vertical-align:middle;display:inline-block}<\/style>\t\t\t\t\t\t\t\t\t\t\t\t<img loading=\"lazy\" decoding=\"async\" width=\"661\" height=\"1024\" src=\"https:\/\/franciscoreisbastos.com.br\/wp-content\/uploads\/2022\/07\/WhatsApp-Image-2022-07-17-at-11.44.53-1-661x1024.jpeg\" class=\"attachment-large size-large\" alt=\"\" srcset=\"https:\/\/franciscoreisbastos.com.br\/wp-content\/uploads\/2022\/07\/WhatsApp-Image-2022-07-17-at-11.44.53-1-661x1024.jpeg 661w, https:\/\/franciscoreisbastos.com.br\/wp-content\/uploads\/2022\/07\/WhatsApp-Image-2022-07-17-at-11.44.53-1-194x300.jpeg 194w, https:\/\/franciscoreisbastos.com.br\/wp-content\/uploads\/2022\/07\/WhatsApp-Image-2022-07-17-at-11.44.53-1-768x1189.jpeg 768w, https:\/\/franciscoreisbastos.com.br\/wp-content\/uploads\/2022\/07\/WhatsApp-Image-2022-07-17-at-11.44.53-1-992x1536.jpeg 992w, https:\/\/franciscoreisbastos.com.br\/wp-content\/uploads\/2022\/07\/WhatsApp-Image-2022-07-17-at-11.44.53-1-1323x2048.jpeg 1323w, https:\/\/franciscoreisbastos.com.br\/wp-content\/uploads\/2022\/07\/WhatsApp-Image-2022-07-17-at-11.44.53-1-920x1425.jpeg 920w, https:\/\/franciscoreisbastos.com.br\/wp-content\/uploads\/2022\/07\/WhatsApp-Image-2022-07-17-at-11.44.53-1-230x356.jpeg 230w, https:\/\/franciscoreisbastos.com.br\/wp-content\/uploads\/2022\/07\/WhatsApp-Image-2022-07-17-at-11.44.53-1-350x542.jpeg 350w, https:\/\/franciscoreisbastos.com.br\/wp-content\/uploads\/2022\/07\/WhatsApp-Image-2022-07-17-at-11.44.53-1-480x743.jpeg 480w, https:\/\/franciscoreisbastos.com.br\/wp-content\/uploads\/2022\/07\/WhatsApp-Image-2022-07-17-at-11.44.53-1-scaled.jpeg 1653w\" sizes=\"auto, (max-width: 661px) 100vw, 661px\" \/>\t\t\t\t\t\t\t\t\t\t\t\t\t\t\t<\/div>\n\t\t\t\t<\/div>\n\t\t\t\t\t<\/div>\n\t\t<\/div>\n\t\t\t\t\t\t\t<\/div>\n\t\t<\/section>\n\t\t\t\t<section class=\"elementor-section elementor-top-section elementor-element elementor-element-372f671 elementor-section-boxed elementor-section-height-default elementor-section-height-default\" data-id=\"372f671\" data-element_type=\"section\">\n\t\t\t\t\t\t<div class=\"elementor-container elementor-column-gap-default\">\n\t\t\t\t\t<div class=\"elementor-column elementor-col-100 elementor-top-column elementor-element elementor-element-babf4a7\" data-id=\"babf4a7\" data-element_type=\"column\">\n\t\t\t<div class=\"elementor-widget-wrap elementor-element-populated\">\n\t\t\t\t\t\t\t\t<div class=\"elementor-element elementor-element-2edaf94 elementor-widget elementor-widget-testimonial\" data-id=\"2edaf94\" data-element_type=\"widget\" data-widget_type=\"testimonial.default\">\n\t\t\t\t<div class=\"elementor-widget-container\">\n\t\t\t<style>\/*! elementor - v3.6.7 - 03-07-2022 *\/\n.elementor-testimonial-wrapper{overflow:hidden;text-align:center}.elementor-testimonial-wrapper .elementor-testimonial-content{font-size:1.3em;margin-bottom:20px}.elementor-testimonial-wrapper .elementor-testimonial-name{line-height:1.5;display:block}.elementor-testimonial-wrapper .elementor-testimonial-job{font-size:.85em;display:block}.elementor-testimonial-wrapper .elementor-testimonial-meta{width:100%;line-height:1}.elementor-testimonial-wrapper .elementor-testimonial-meta-inner{display:inline-block}.elementor-testimonial-wrapper .elementor-testimonial-meta .elementor-testimonial-details,.elementor-testimonial-wrapper .elementor-testimonial-meta .elementor-testimonial-image{display:table-cell;vertical-align:middle}.elementor-testimonial-wrapper .elementor-testimonial-meta .elementor-testimonial-image img{width:60px;height:60px;border-radius:50%;-o-object-fit:cover;object-fit:cover;max-width:none}.elementor-testimonial-wrapper .elementor-testimonial-meta.elementor-testimonial-image-position-aside .elementor-testimonial-image{padding-right:15px}.elementor-testimonial-wrapper .elementor-testimonial-meta.elementor-testimonial-image-position-aside .elementor-testimonial-details{text-align:left}.elementor-testimonial-wrapper .elementor-testimonial-meta.elementor-testimonial-image-position-top .elementor-testimonial-details,.elementor-testimonial-wrapper .elementor-testimonial-meta.elementor-testimonial-image-position-top .elementor-testimonial-image{display:block}.elementor-testimonial-wrapper .elementor-testimonial-meta.elementor-testimonial-image-position-top .elementor-testimonial-image{margin-bottom:20px}<\/style>\t\t<div class=\"elementor-testimonial-wrapper\">\n\t\t\t\t\t\t\t<div class=\"elementor-testimonial-content\">Mineiro tem mania. Mineiro bate pernas, senta,\nfica olhando. Fica horas. Pode ser um gato, um\nboi, o tempo. Rumina. Memoria. Corre, volta \u00e0\ninf\u00e2ncia, vai para Paris na asa do vento, essas coi-\nsas. Conta casos, fica lendo. Cisca, cisca, cisca.\nDepois vira m\u00e9dico e escreve livro feito o Chico\nBastos, cujas veias ro\u00e7am a ro\u00e7a do Rosa.<\/div>\n\t\t\t\n\t\t\t\t\t\t<div class=\"elementor-testimonial-meta elementor-has-image elementor-testimonial-image-position-aside\">\n\t\t\t\t<div class=\"elementor-testimonial-meta-inner\">\n\t\t\t\t\t\t\t\t\t\t\t<div class=\"elementor-testimonial-image\">\n\t\t\t\t\t\t\t<img loading=\"lazy\" decoding=\"async\" width=\"1300\" height=\"731\" src=\"https:\/\/franciscoreisbastos.com.br\/wp-content\/uploads\/2022\/08\/Nilson.jpg\" class=\"attachment-full size-full\" alt=\"\" \/>\t\t\t\t\t\t<\/div>\n\t\t\t\t\t\n\t\t\t\t\t\t\t\t\t\t<div class=\"elementor-testimonial-details\">\n\t\t\t\t\t\t\t\t\t\t\t\t\t\t<div class=\"elementor-testimonial-name\">Nilson Azevedo<\/div>\n\t\t\t\t\t\t\t\t\t\t\t\t\t\t\t\t\t\t\t\t\t\t<div class=\"elementor-testimonial-job\">Cartunista<\/div>\n\t\t\t\t\t\t\t\t\t\t\t\t\t<\/div>\n\t\t\t\t\t\t\t\t\t<\/div>\n\t\t\t<\/div>\n\t\t\t\t\t<\/div>\n\t\t\t\t<\/div>\n\t\t\t\t<\/div>\n\t\t\t\t\t<\/div>\n\t\t<\/div>\n\t\t\t\t\t\t\t<\/div>\n\t\t<\/section>\n\t\t\t\t<section class=\"elementor-section elementor-top-section elementor-element elementor-element-3e7eb87 elementor-section-boxed elementor-section-height-default elementor-section-height-default\" data-id=\"3e7eb87\" data-element_type=\"section\">\n\t\t\t\t\t\t<div class=\"elementor-container elementor-column-gap-default\">\n\t\t\t\t\t<div class=\"elementor-column elementor-col-100 elementor-top-column elementor-element elementor-element-f71cabc\" data-id=\"f71cabc\" data-element_type=\"column\">\n\t\t\t<div class=\"elementor-widget-wrap elementor-element-populated\">\n\t\t\t\t\t\t\t\t<div class=\"elementor-element elementor-element-694cb74 elementor-widget elementor-widget-testimonial\" data-id=\"694cb74\" data-element_type=\"widget\" data-widget_type=\"testimonial.default\">\n\t\t\t\t<div class=\"elementor-widget-container\">\n\t\t\t\t\t<div class=\"elementor-testimonial-wrapper\">\n\t\t\t\t\t\t\t<div class=\"elementor-testimonial-content\">A sua cr\u00f4nica \u00e9 boa e traduz em linguagem liter\u00e1-\nria aspectos t\u00e9cnicos que, infelizmente, s\u00e3o pou-\nco percebidos pela grande maioria dos homens.\nLembrou-me Guimar\u00e3es Rosa, que fala da degra-\nda\u00e7\u00e3o do solo e das veredas nos nossos sert\u00f5es,\ncom sensibilidade po\u00e9tica e ao mesmo tempo\nflu\u00eancia t\u00e9cnica.<\/div>\n\t\t\t\n\t\t\t\t\t\t<div class=\"elementor-testimonial-meta elementor-has-image elementor-testimonial-image-position-aside\">\n\t\t\t\t<div class=\"elementor-testimonial-meta-inner\">\n\t\t\t\t\t\t\t\t\t\t\t<div class=\"elementor-testimonial-image\">\n\t\t\t\t\t\t\t<img loading=\"lazy\" decoding=\"async\" width=\"1416\" height=\"1298\" src=\"https:\/\/franciscoreisbastos.com.br\/wp-content\/uploads\/2022\/08\/Marx.jpg\" class=\"attachment-full size-full\" alt=\"\" \/>\t\t\t\t\t\t<\/div>\n\t\t\t\t\t\n\t\t\t\t\t\t\t\t\t\t<div class=\"elementor-testimonial-details\">\n\t\t\t\t\t\t\t\t\t\t\t\t\t\t<div class=\"elementor-testimonial-name\">Marx Leandro<\/div>\n\t\t\t\t\t\t\t\t\t\t\t\t\t\t\t\t\t\t\t\t\t\t<div class=\"elementor-testimonial-job\">Prof. UFLA\/DCS<\/div>\n\t\t\t\t\t\t\t\t\t\t\t\t\t<\/div>\n\t\t\t\t\t\t\t\t\t<\/div>\n\t\t\t<\/div>\n\t\t\t\t\t<\/div>\n\t\t\t\t<\/div>\n\t\t\t\t<\/div>\n\t\t\t\t\t<\/div>\n\t\t<\/div>\n\t\t\t\t\t\t\t<\/div>\n\t\t<\/section>\n\t\t\t\t<section class=\"elementor-section elementor-top-section elementor-element elementor-element-7cbea14 elementor-section-boxed elementor-section-height-default elementor-section-height-default\" data-id=\"7cbea14\" data-element_type=\"section\">\n\t\t\t\t\t\t<div class=\"elementor-container elementor-column-gap-default\">\n\t\t\t\t\t<div class=\"elementor-column elementor-col-100 elementor-top-column elementor-element elementor-element-726d947\" data-id=\"726d947\" data-element_type=\"column\">\n\t\t\t<div class=\"elementor-widget-wrap elementor-element-populated\">\n\t\t\t\t\t\t\t\t<div class=\"elementor-element elementor-element-3e560c6 elementor-widget elementor-widget-testimonial\" data-id=\"3e560c6\" data-element_type=\"widget\" data-widget_type=\"testimonial.default\">\n\t\t\t\t<div class=\"elementor-widget-container\">\n\t\t\t\t\t<div class=\"elementor-testimonial-wrapper\">\n\t\t\t\t\t\t\t<div class=\"elementor-testimonial-content\">Nas p\u00e1ginas destes Contracontos, a gente pode\nvirar menino, avistar o mundo do alto de um p\u00e9\nde manga; reparar nos bichos de pena, p\u00ealo e\ncouro, cores e cantigas; escutar o marulho do\nrego d'\u00e1gua, territ\u00f3rio de intermin\u00e1veis viagens;\npresenciar o rumor da piracema, vida renovada\nentre saltos e sustos.<\/div>\n\t\t\t\n\t\t\t\t\t\t<div class=\"elementor-testimonial-meta elementor-has-image elementor-testimonial-image-position-aside\">\n\t\t\t\t<div class=\"elementor-testimonial-meta-inner\">\n\t\t\t\t\t\t\t\t\t\t\t<div class=\"elementor-testimonial-image\">\n\t\t\t\t\t\t\t<img loading=\"lazy\" decoding=\"async\" width=\"600\" height=\"400\" src=\"https:\/\/franciscoreisbastos.com.br\/wp-content\/uploads\/2022\/08\/image.webp\" class=\"attachment-full size-full\" alt=\"\" \/>\t\t\t\t\t\t<\/div>\n\t\t\t\t\t\n\t\t\t\t\t\t\t\t\t\t<div class=\"elementor-testimonial-details\">\n\t\t\t\t\t\t\t\t\t\t\t\t\t\t<div class=\"elementor-testimonial-name\">Olavo Romano<\/div>\n\t\t\t\t\t\t\t\t\t\t\t\t\t\t\t\t\t\t\t\t\t\t<div class=\"elementor-testimonial-job\">Autor<\/div>\n\t\t\t\t\t\t\t\t\t\t\t\t\t<\/div>\n\t\t\t\t\t\t\t\t\t<\/div>\n\t\t\t<\/div>\n\t\t\t\t\t<\/div>\n\t\t\t\t<\/div>\n\t\t\t\t<\/div>\n\t\t\t\t\t<\/div>\n\t\t<\/div>\n\t\t\t\t\t\t\t<\/div>\n\t\t<\/section>\n\t\t\t\t\t\t\t<\/div>\n\t\t","protected":false},"excerpt":{"rendered":"<p>Mineiro tem mania. Mineiro bate pernas, senta, fica olhando. Fica horas. Pode ser um gato, um boi, o tempo. Rumina. Memoria. Corre, volta \u00e0 inf\u00e2ncia, vai para Paris na asa do vento, essas coi- sas. Conta casos, fica lendo. Cisca, cisca, cisca. Depois vira m\u00e9dico e escreve livro feito o Chico Bastos, cujas veias ro\u00e7am a ro\u00e7a do Rosa. Nilson [&hellip;]<\/p>\n","protected":false},"author":1,"featured_media":0,"parent":0,"menu_order":0,"comment_status":"closed","ping_status":"closed","template":"","meta":{"footnotes":""},"class_list":["post-267","page","type-page","status-publish","hentry"],"_links":{"self":[{"href":"https:\/\/franciscoreisbastos.com.br\/index.php?rest_route=\/wp\/v2\/pages\/267","targetHints":{"allow":["GET"]}}],"collection":[{"href":"https:\/\/franciscoreisbastos.com.br\/index.php?rest_route=\/wp\/v2\/pages"}],"about":[{"href":"https:\/\/franciscoreisbastos.com.br\/index.php?rest_route=\/wp\/v2\/types\/page"}],"author":[{"embeddable":true,"href":"https:\/\/franciscoreisbastos.com.br\/index.php?rest_route=\/wp\/v2\/users\/1"}],"replies":[{"embeddable":true,"href":"https:\/\/franciscoreisbastos.com.br\/index.php?rest_route=%2Fwp%2Fv2%2Fcomments&post=267"}],"version-history":[{"count":11,"href":"https:\/\/franciscoreisbastos.com.br\/index.php?rest_route=\/wp\/v2\/pages\/267\/revisions"}],"predecessor-version":[{"id":624,"href":"https:\/\/franciscoreisbastos.com.br\/index.php?rest_route=\/wp\/v2\/pages\/267\/revisions\/624"}],"wp:attachment":[{"href":"https:\/\/franciscoreisbastos.com.br\/index.php?rest_route=%2Fwp%2Fv2%2Fmedia&parent=267"}],"curies":[{"name":"wp","href":"https:\/\/api.w.org\/{rel}","templated":true}]}}