{"id":273,"date":"2022-08-11T12:50:25","date_gmt":"2022-08-11T15:50:25","guid":{"rendered":"http:\/\/franciscoreisbastos.com.br\/?page_id=273"},"modified":"2022-08-11T15:33:54","modified_gmt":"2022-08-11T18:33:54","slug":"tertulias-quixotescas","status":"publish","type":"page","link":"https:\/\/franciscoreisbastos.com.br\/?page_id=273","title":{"rendered":"TERT\u00daLIAS QUIXOTESCAS"},"content":{"rendered":"\t\t<div data-elementor-type=\"wp-page\" data-elementor-id=\"273\" class=\"elementor elementor-273\">\n\t\t\t\t\t\t\t\t\t<section class=\"elementor-section elementor-top-section elementor-element elementor-element-7789b53 elementor-section-boxed elementor-section-height-default elementor-section-height-default\" data-id=\"7789b53\" data-element_type=\"section\">\n\t\t\t\t\t\t<div class=\"elementor-container elementor-column-gap-default\">\n\t\t\t\t\t<div class=\"elementor-column elementor-col-33 elementor-top-column elementor-element elementor-element-64e176a\" data-id=\"64e176a\" data-element_type=\"column\">\n\t\t\t<div class=\"elementor-widget-wrap elementor-element-populated\">\n\t\t\t\t\t\t\t\t<div class=\"elementor-element elementor-element-23d8ced elementor-widget elementor-widget-image\" data-id=\"23d8ced\" data-element_type=\"widget\" data-widget_type=\"image.default\">\n\t\t\t\t<div class=\"elementor-widget-container\">\n\t\t\t<style>\/*! elementor - v3.6.7 - 03-07-2022 *\/\n.elementor-widget-image{text-align:center}.elementor-widget-image a{display:inline-block}.elementor-widget-image a img[src$=\".svg\"]{width:48px}.elementor-widget-image img{vertical-align:middle;display:inline-block}<\/style>\t\t\t\t\t\t\t\t\t\t\t\t<img loading=\"lazy\" decoding=\"async\" width=\"682\" height=\"1024\" src=\"https:\/\/franciscoreisbastos.com.br\/wp-content\/uploads\/2022\/07\/WhatsApp-Image-2022-07-17-at-11.44.55-682x1024.jpeg\" class=\"attachment-large size-large\" alt=\"\" srcset=\"https:\/\/franciscoreisbastos.com.br\/wp-content\/uploads\/2022\/07\/WhatsApp-Image-2022-07-17-at-11.44.55-682x1024.jpeg 682w, https:\/\/franciscoreisbastos.com.br\/wp-content\/uploads\/2022\/07\/WhatsApp-Image-2022-07-17-at-11.44.55-200x300.jpeg 200w, https:\/\/franciscoreisbastos.com.br\/wp-content\/uploads\/2022\/07\/WhatsApp-Image-2022-07-17-at-11.44.55-768x1154.jpeg 768w, https:\/\/franciscoreisbastos.com.br\/wp-content\/uploads\/2022\/07\/WhatsApp-Image-2022-07-17-at-11.44.55-1023x1536.jpeg 1023w, https:\/\/franciscoreisbastos.com.br\/wp-content\/uploads\/2022\/07\/WhatsApp-Image-2022-07-17-at-11.44.55-1363x2048.jpeg 1363w, https:\/\/franciscoreisbastos.com.br\/wp-content\/uploads\/2022\/07\/WhatsApp-Image-2022-07-17-at-11.44.55-920x1382.jpeg 920w, https:\/\/franciscoreisbastos.com.br\/wp-content\/uploads\/2022\/07\/WhatsApp-Image-2022-07-17-at-11.44.55-230x345.jpeg 230w, https:\/\/franciscoreisbastos.com.br\/wp-content\/uploads\/2022\/07\/WhatsApp-Image-2022-07-17-at-11.44.55-350x526.jpeg 350w, https:\/\/franciscoreisbastos.com.br\/wp-content\/uploads\/2022\/07\/WhatsApp-Image-2022-07-17-at-11.44.55-480x721.jpeg 480w, https:\/\/franciscoreisbastos.com.br\/wp-content\/uploads\/2022\/07\/WhatsApp-Image-2022-07-17-at-11.44.55-scaled.jpeg 1704w\" sizes=\"auto, (max-width: 682px) 100vw, 682px\" \/>\t\t\t\t\t\t\t\t\t\t\t\t\t\t\t<\/div>\n\t\t\t\t<\/div>\n\t\t\t\t\t<\/div>\n\t\t<\/div>\n\t\t\t\t<div class=\"elementor-column elementor-col-66 elementor-top-column elementor-element elementor-element-25c8de6\" data-id=\"25c8de6\" data-element_type=\"column\">\n\t\t\t<div class=\"elementor-widget-wrap elementor-element-populated\">\n\t\t\t\t\t\t\t\t<div class=\"elementor-element elementor-element-b86c5c0 elementor-widget elementor-widget-text-editor\" data-id=\"b86c5c0\" data-element_type=\"widget\" data-widget_type=\"text-editor.default\">\n\t\t\t\t<div class=\"elementor-widget-container\">\n\t\t\t<style>\/*! elementor - v3.6.7 - 03-07-2022 *\/\n.elementor-widget-text-editor.elementor-drop-cap-view-stacked .elementor-drop-cap{background-color:#818a91;color:#fff}.elementor-widget-text-editor.elementor-drop-cap-view-framed .elementor-drop-cap{color:#818a91;border:3px solid;background-color:transparent}.elementor-widget-text-editor:not(.elementor-drop-cap-view-default) .elementor-drop-cap{margin-top:8px}.elementor-widget-text-editor:not(.elementor-drop-cap-view-default) .elementor-drop-cap-letter{width:1em;height:1em}.elementor-widget-text-editor .elementor-drop-cap{float:left;text-align:center;line-height:1;font-size:50px}.elementor-widget-text-editor .elementor-drop-cap-letter{display:inline-block}<\/style>\t\t\t\t<p>Algu\u00e9m disse um dia que &#8220;o homem \u00e9 o lobo do homem&#8221;. Desafiando o c\u00e9lebre pensador, insisto na viabilidade da esp\u00e9cie. Prefiro acreditar no oposto, fazendo um voto de f\u00e9 na amizade. Ela gera frutos saborosos, como prova esse delicioso Tert\u00falias Quixotescas. Movidos pelo amor \u00e0 palavra, \u00e0 mem\u00f3ria e \u00e0s boas hist\u00f3rias, seus autores partilham agora, com todos n\u00f3s, a animada mesa em torno da qual se re\u00fanem toda semana, na Savassi, em Belo Horizonte, cidade em que a literatura sempre combinou com o companheirismo, a conviv\u00eancia fraterna e suave, a frui\u00e7\u00e3o coletiva da vida. O que pode ser melhor?<\/p><p>Feito para degustar, como uma cerveja artesanal, um vinho fino, um caf\u00e9 bem quente, um licor requintado, um charuto de qualidade, esse livro re\u00fane textos que viajam pelo mundo inteiro, sobretudo por Minas Gerais, seus casos e personagens inesquec\u00edveis. Em prosa leve, fluida, agrad\u00e1vel e divertida, ele seduz e encanta, deixando, na boca, um gosto de quero mais. J\u00e1 estamos todos esperando o volume dois&#8230;<\/p>\t\t\t\t\t\t<\/div>\n\t\t\t\t<\/div>\n\t\t\t\t<div class=\"elementor-element elementor-element-867907a elementor-widget elementor-widget-text-editor\" data-id=\"867907a\" data-element_type=\"widget\" data-widget_type=\"text-editor.default\">\n\t\t\t\t<div class=\"elementor-widget-container\">\n\t\t\t\t\t\t\t<p><strong>Rog\u00e9rio Faria Tavares<\/strong><br \/><strong>Presidente da Academia Mineira de Letras<\/strong><\/p>\t\t\t\t\t\t<\/div>\n\t\t\t\t<\/div>\n\t\t\t\t\t<\/div>\n\t\t<\/div>\n\t\t\t\t\t\t\t<\/div>\n\t\t<\/section>\n\t\t\t\t\t\t\t<\/div>\n\t\t","protected":false},"excerpt":{"rendered":"<p>Algu\u00e9m disse um dia que &#8220;o homem \u00e9 o lobo do homem&#8221;. Desafiando o c\u00e9lebre pensador, insisto na viabilidade da esp\u00e9cie. Prefiro acreditar no oposto, fazendo um voto de f\u00e9 na amizade. Ela gera frutos saborosos, como prova esse delicioso Tert\u00falias Quixotescas. Movidos pelo amor \u00e0 palavra, \u00e0 mem\u00f3ria e \u00e0s boas hist\u00f3rias, seus autores partilham agora, com todos n\u00f3s, [&hellip;]<\/p>\n","protected":false},"author":1,"featured_media":0,"parent":0,"menu_order":0,"comment_status":"closed","ping_status":"closed","template":"","meta":{"footnotes":""},"class_list":["post-273","page","type-page","status-publish","hentry"],"_links":{"self":[{"href":"https:\/\/franciscoreisbastos.com.br\/index.php?rest_route=\/wp\/v2\/pages\/273","targetHints":{"allow":["GET"]}}],"collection":[{"href":"https:\/\/franciscoreisbastos.com.br\/index.php?rest_route=\/wp\/v2\/pages"}],"about":[{"href":"https:\/\/franciscoreisbastos.com.br\/index.php?rest_route=\/wp\/v2\/types\/page"}],"author":[{"embeddable":true,"href":"https:\/\/franciscoreisbastos.com.br\/index.php?rest_route=\/wp\/v2\/users\/1"}],"replies":[{"embeddable":true,"href":"https:\/\/franciscoreisbastos.com.br\/index.php?rest_route=%2Fwp%2Fv2%2Fcomments&post=273"}],"version-history":[{"count":4,"href":"https:\/\/franciscoreisbastos.com.br\/index.php?rest_route=\/wp\/v2\/pages\/273\/revisions"}],"predecessor-version":[{"id":321,"href":"https:\/\/franciscoreisbastos.com.br\/index.php?rest_route=\/wp\/v2\/pages\/273\/revisions\/321"}],"wp:attachment":[{"href":"https:\/\/franciscoreisbastos.com.br\/index.php?rest_route=%2Fwp%2Fv2%2Fmedia&parent=273"}],"curies":[{"name":"wp","href":"https:\/\/api.w.org\/{rel}","templated":true}]}}