{"id":310,"date":"2022-08-11T14:55:58","date_gmt":"2022-08-11T17:55:58","guid":{"rendered":"http:\/\/franciscoreisbastos.com.br\/?page_id=310"},"modified":"2022-08-11T15:00:30","modified_gmt":"2022-08-11T18:00:30","slug":"varizes-conhecer-para-prevenir-2","status":"publish","type":"page","link":"https:\/\/franciscoreisbastos.com.br\/?page_id=310","title":{"rendered":"VARIZES: CONHECER PARA PREVENIR"},"content":{"rendered":"\t\t<div data-elementor-type=\"wp-page\" data-elementor-id=\"310\" class=\"elementor elementor-310\">\n\t\t\t\t\t\t\t\t\t<section class=\"elementor-section elementor-top-section elementor-element elementor-element-ace14e0 elementor-section-boxed elementor-section-height-default elementor-section-height-default\" data-id=\"ace14e0\" data-element_type=\"section\">\n\t\t\t\t\t\t<div class=\"elementor-container elementor-column-gap-default\">\n\t\t\t\t\t<div class=\"elementor-column elementor-col-33 elementor-top-column elementor-element elementor-element-6221819\" data-id=\"6221819\" data-element_type=\"column\">\n\t\t\t<div class=\"elementor-widget-wrap elementor-element-populated\">\n\t\t\t\t\t\t\t\t<div class=\"elementor-element elementor-element-6a74ebc elementor-widget elementor-widget-image\" data-id=\"6a74ebc\" data-element_type=\"widget\" data-widget_type=\"image.default\">\n\t\t\t\t<div class=\"elementor-widget-container\">\n\t\t\t<style>\/*! elementor - v3.6.7 - 03-07-2022 *\/\n.elementor-widget-image{text-align:center}.elementor-widget-image a{display:inline-block}.elementor-widget-image a img[src$=\".svg\"]{width:48px}.elementor-widget-image img{vertical-align:middle;display:inline-block}<\/style>\t\t\t\t\t\t\t\t\t\t\t\t<img loading=\"lazy\" decoding=\"async\" width=\"674\" height=\"1024\" src=\"https:\/\/franciscoreisbastos.com.br\/wp-content\/uploads\/2022\/07\/WhatsApp-Image-2022-07-17-at-11.44.55-1-674x1024.jpeg\" class=\"attachment-large size-large\" alt=\"\" srcset=\"https:\/\/franciscoreisbastos.com.br\/wp-content\/uploads\/2022\/07\/WhatsApp-Image-2022-07-17-at-11.44.55-1-674x1024.jpeg 674w, https:\/\/franciscoreisbastos.com.br\/wp-content\/uploads\/2022\/07\/WhatsApp-Image-2022-07-17-at-11.44.55-1-197x300.jpeg 197w, https:\/\/franciscoreisbastos.com.br\/wp-content\/uploads\/2022\/07\/WhatsApp-Image-2022-07-17-at-11.44.55-1-768x1168.jpeg 768w, https:\/\/franciscoreisbastos.com.br\/wp-content\/uploads\/2022\/07\/WhatsApp-Image-2022-07-17-at-11.44.55-1-1010x1536.jpeg 1010w, https:\/\/franciscoreisbastos.com.br\/wp-content\/uploads\/2022\/07\/WhatsApp-Image-2022-07-17-at-11.44.55-1-1347x2048.jpeg 1347w, https:\/\/franciscoreisbastos.com.br\/wp-content\/uploads\/2022\/07\/WhatsApp-Image-2022-07-17-at-11.44.55-1-920x1399.jpeg 920w, https:\/\/franciscoreisbastos.com.br\/wp-content\/uploads\/2022\/07\/WhatsApp-Image-2022-07-17-at-11.44.55-1-230x350.jpeg 230w, https:\/\/franciscoreisbastos.com.br\/wp-content\/uploads\/2022\/07\/WhatsApp-Image-2022-07-17-at-11.44.55-1-350x532.jpeg 350w, https:\/\/franciscoreisbastos.com.br\/wp-content\/uploads\/2022\/07\/WhatsApp-Image-2022-07-17-at-11.44.55-1-480x730.jpeg 480w, https:\/\/franciscoreisbastos.com.br\/wp-content\/uploads\/2022\/07\/WhatsApp-Image-2022-07-17-at-11.44.55-1-scaled.jpeg 1684w\" sizes=\"auto, (max-width: 674px) 100vw, 674px\" \/>\t\t\t\t\t\t\t\t\t\t\t\t\t\t\t<\/div>\n\t\t\t\t<\/div>\n\t\t\t\t\t<\/div>\n\t\t<\/div>\n\t\t\t\t<div class=\"elementor-column elementor-col-66 elementor-top-column elementor-element elementor-element-958750b\" data-id=\"958750b\" data-element_type=\"column\">\n\t\t\t<div class=\"elementor-widget-wrap elementor-element-populated\">\n\t\t\t\t\t\t\t\t<div class=\"elementor-element elementor-element-91bcd8f elementor-widget elementor-widget-heading\" data-id=\"91bcd8f\" data-element_type=\"widget\" data-widget_type=\"heading.default\">\n\t\t\t\t<div class=\"elementor-widget-container\">\n\t\t\t<style>\/*! elementor - v3.6.7 - 03-07-2022 *\/\n.elementor-heading-title{padding:0;margin:0;line-height:1}.elementor-widget-heading .elementor-heading-title[class*=elementor-size-]>a{color:inherit;font-size:inherit;line-height:inherit}.elementor-widget-heading .elementor-heading-title.elementor-size-small{font-size:15px}.elementor-widget-heading .elementor-heading-title.elementor-size-medium{font-size:19px}.elementor-widget-heading .elementor-heading-title.elementor-size-large{font-size:29px}.elementor-widget-heading .elementor-heading-title.elementor-size-xl{font-size:39px}.elementor-widget-heading .elementor-heading-title.elementor-size-xxl{font-size:59px}<\/style><h2 class=\"elementor-heading-title elementor-size-default\">Voc\u00ea tem varizes?<\/h2>\t\t<\/div>\n\t\t\t\t<\/div>\n\t\t\t\t<div class=\"elementor-element elementor-element-240f728 elementor-widget elementor-widget-text-editor\" data-id=\"240f728\" data-element_type=\"widget\" data-widget_type=\"text-editor.default\">\n\t\t\t\t<div class=\"elementor-widget-container\">\n\t\t\t<style>\/*! elementor - v3.6.7 - 03-07-2022 *\/\n.elementor-widget-text-editor.elementor-drop-cap-view-stacked .elementor-drop-cap{background-color:#818a91;color:#fff}.elementor-widget-text-editor.elementor-drop-cap-view-framed .elementor-drop-cap{color:#818a91;border:3px solid;background-color:transparent}.elementor-widget-text-editor:not(.elementor-drop-cap-view-default) .elementor-drop-cap{margin-top:8px}.elementor-widget-text-editor:not(.elementor-drop-cap-view-default) .elementor-drop-cap-letter{width:1em;height:1em}.elementor-widget-text-editor .elementor-drop-cap{float:left;text-align:center;line-height:1;font-size:50px}.elementor-widget-text-editor .elementor-drop-cap-letter{display:inline-block}<\/style>\t\t\t\t<p>N\u00e3o se assuste com a pergunta. Este livro, escrito por renomado especialista, vai lhe ensinar tudo que voc\u00ea precisa saber a respeito do assunto: o que s\u00e3o varizes, como evit\u00e1-las e quando procurar orienta\u00e7\u00e3o m\u00e9dica. Leia e acabe com as d\u00favidas provocadas pela m\u00e1 informa\u00e7\u00e3o e tenha pernas bonitas e saud\u00e1veis a vida inteira.<\/p>\t\t\t\t\t\t<\/div>\n\t\t\t\t<\/div>\n\t\t\t\t\t<\/div>\n\t\t<\/div>\n\t\t\t\t\t\t\t<\/div>\n\t\t<\/section>\n\t\t\t\t\t\t\t<\/div>\n\t\t","protected":false},"excerpt":{"rendered":"<p>Voc\u00ea tem varizes? N\u00e3o se assuste com a pergunta. Este livro, escrito por renomado especialista, vai lhe ensinar tudo que voc\u00ea precisa saber a respeito do assunto: o que s\u00e3o varizes, como evit\u00e1-las e quando procurar orienta\u00e7\u00e3o m\u00e9dica. Leia e acabe com as d\u00favidas provocadas pela m\u00e1 informa\u00e7\u00e3o e tenha pernas bonitas e saud\u00e1veis a vida inteira.<\/p>\n","protected":false},"author":1,"featured_media":0,"parent":0,"menu_order":0,"comment_status":"closed","ping_status":"closed","template":"","meta":{"footnotes":""},"class_list":["post-310","page","type-page","status-publish","hentry"],"_links":{"self":[{"href":"https:\/\/franciscoreisbastos.com.br\/index.php?rest_route=\/wp\/v2\/pages\/310","targetHints":{"allow":["GET"]}}],"collection":[{"href":"https:\/\/franciscoreisbastos.com.br\/index.php?rest_route=\/wp\/v2\/pages"}],"about":[{"href":"https:\/\/franciscoreisbastos.com.br\/index.php?rest_route=\/wp\/v2\/types\/page"}],"author":[{"embeddable":true,"href":"https:\/\/franciscoreisbastos.com.br\/index.php?rest_route=\/wp\/v2\/users\/1"}],"replies":[{"embeddable":true,"href":"https:\/\/franciscoreisbastos.com.br\/index.php?rest_route=%2Fwp%2Fv2%2Fcomments&post=310"}],"version-history":[{"count":4,"href":"https:\/\/franciscoreisbastos.com.br\/index.php?rest_route=\/wp\/v2\/pages\/310\/revisions"}],"predecessor-version":[{"id":314,"href":"https:\/\/franciscoreisbastos.com.br\/index.php?rest_route=\/wp\/v2\/pages\/310\/revisions\/314"}],"wp:attachment":[{"href":"https:\/\/franciscoreisbastos.com.br\/index.php?rest_route=%2Fwp%2Fv2%2Fmedia&parent=310"}],"curies":[{"name":"wp","href":"https:\/\/api.w.org\/{rel}","templated":true}]}}