{"id":625,"date":"2022-08-17T22:08:25","date_gmt":"2022-08-18T01:08:25","guid":{"rendered":"http:\/\/franciscoreisbastos.com.br\/?page_id=625"},"modified":"2022-08-17T22:11:26","modified_gmt":"2022-08-18T01:11:26","slug":"escleroterapia-com-espuma","status":"publish","type":"page","link":"https:\/\/franciscoreisbastos.com.br\/?page_id=625","title":{"rendered":"ESCLEROTERAPIA COM ESPUMA"},"content":{"rendered":"\t\t<div data-elementor-type=\"wp-page\" data-elementor-id=\"625\" class=\"elementor elementor-625\">\n\t\t\t\t\t\t\t\t\t<section class=\"elementor-section elementor-top-section elementor-element elementor-element-95a8f13 elementor-section-boxed elementor-section-height-default elementor-section-height-default\" data-id=\"95a8f13\" data-element_type=\"section\">\n\t\t\t\t\t\t<div class=\"elementor-container elementor-column-gap-default\">\n\t\t\t\t\t<div class=\"elementor-column elementor-col-100 elementor-top-column elementor-element elementor-element-b3e5193\" data-id=\"b3e5193\" data-element_type=\"column\">\n\t\t\t<div class=\"elementor-widget-wrap elementor-element-populated\">\n\t\t\t\t\t\t\t\t<div class=\"elementor-element elementor-element-46b8a51 elementor-widget elementor-widget-image\" data-id=\"46b8a51\" data-element_type=\"widget\" data-widget_type=\"image.default\">\n\t\t\t\t<div class=\"elementor-widget-container\">\n\t\t\t<style>\/*! elementor - v3.6.7 - 03-07-2022 *\/\n.elementor-widget-image{text-align:center}.elementor-widget-image a{display:inline-block}.elementor-widget-image a img[src$=\".svg\"]{width:48px}.elementor-widget-image img{vertical-align:middle;display:inline-block}<\/style>\t\t\t\t\t\t\t\t\t\t\t\t<img loading=\"lazy\" decoding=\"async\" width=\"360\" height=\"499\" src=\"https:\/\/franciscoreisbastos.com.br\/wp-content\/uploads\/2022\/08\/livro.jpg\" class=\"attachment-large size-large\" alt=\"\" srcset=\"https:\/\/franciscoreisbastos.com.br\/wp-content\/uploads\/2022\/08\/livro.jpg 360w, https:\/\/franciscoreisbastos.com.br\/wp-content\/uploads\/2022\/08\/livro-216x300.jpg 216w, https:\/\/franciscoreisbastos.com.br\/wp-content\/uploads\/2022\/08\/livro-230x319.jpg 230w, https:\/\/franciscoreisbastos.com.br\/wp-content\/uploads\/2022\/08\/livro-350x485.jpg 350w\" sizes=\"auto, (max-width: 360px) 100vw, 360px\" \/>\t\t\t\t\t\t\t\t\t\t\t\t\t\t\t<\/div>\n\t\t\t\t<\/div>\n\t\t\t\t\t<\/div>\n\t\t<\/div>\n\t\t\t\t\t\t\t<\/div>\n\t\t<\/section>\n\t\t\t\t<section class=\"elementor-section elementor-top-section elementor-element elementor-element-175c003 elementor-section-boxed elementor-section-height-default elementor-section-height-default\" data-id=\"175c003\" data-element_type=\"section\">\n\t\t\t\t\t\t<div class=\"elementor-container elementor-column-gap-default\">\n\t\t\t\t\t<div class=\"elementor-column elementor-col-100 elementor-top-column elementor-element elementor-element-df2877b\" data-id=\"df2877b\" data-element_type=\"column\">\n\t\t\t<div class=\"elementor-widget-wrap elementor-element-populated\">\n\t\t\t\t\t\t\t\t<div class=\"elementor-element elementor-element-8baf11b elementor-widget elementor-widget-text-editor\" data-id=\"8baf11b\" data-element_type=\"widget\" data-widget_type=\"text-editor.default\">\n\t\t\t\t<div class=\"elementor-widget-container\">\n\t\t\t<style>\/*! elementor - v3.6.7 - 03-07-2022 *\/\n.elementor-widget-text-editor.elementor-drop-cap-view-stacked .elementor-drop-cap{background-color:#818a91;color:#fff}.elementor-widget-text-editor.elementor-drop-cap-view-framed .elementor-drop-cap{color:#818a91;border:3px solid;background-color:transparent}.elementor-widget-text-editor:not(.elementor-drop-cap-view-default) .elementor-drop-cap{margin-top:8px}.elementor-widget-text-editor:not(.elementor-drop-cap-view-default) .elementor-drop-cap-letter{width:1em;height:1em}.elementor-widget-text-editor .elementor-drop-cap{float:left;text-align:center;line-height:1;font-size:50px}.elementor-widget-text-editor .elementor-drop-cap-letter{display:inline-block}<\/style>\t\t\t\t<p><span style=\"color: #0f1111; font-family: 'Amazon Ember', Arial, sans-serif; font-size: 14px;\">A escleroterapia com espuma \u00e9 boa t\u00e9cnica para o controle da insufici\u00eancia venosa cr\u00f4nica (IVC). A coincid\u00eancia de ter surgido junto com o ecodoppler foi muito feliz, pois permitiu o monitoramento constante da efici\u00eancia do m\u00e9todo e seu aprimoramento. Uma verdadeira revolu\u00e7\u00e3o na Medicina. Este livro \u00e9 destinado a todos os angiologistas e cirurgi\u00f5es-vasculares que queiram se reciclar e melhorar seus conhecimentos de controle da IVC, uma vez que a doen\u00e7a permanece incur\u00e1vel. A tarefa n\u00e3o \u00e9 f\u00e1cil, pois significa ensinar cirurgi\u00f5es-vasculares a n\u00e3o fazer cirurgias, o que vale dizer contrariar a natureza de sua forma\u00e7\u00e3o. Entretanto, os conhecimentos evoluem e hoje esse profissional tem ao seu dispor v\u00e1rias t\u00e9cnicas boas e validadas cientificamente. A escleroterapia \u00e9 semelhante ao patinho feio da f\u00e1bula. No come\u00e7o era t\u00e9cnica complementar, menor, reservada aos residentes iniciantes no tratamento e hoje \u00e9 magn\u00edfico cisne capaz de controlar a maioria dos tipos de IVC. Os autores procuraram se debru\u00e7ar sobre os conhecimentos atuais na literatura m\u00e9dica mundial e transmitir aos leitores de maneira clara e objetiva as bases desse tratamento moderno, seguro e eficaz: a escleroterapia com espuma. Esse livro procura repassar conhecimentos b\u00e1sicos desde a anatomia e fisiologia m\u00e9dicas, essenciais para o entendimento da rede venosa do distrito cava inferior at\u00e9 os conhecimentos moleculares.<\/span><\/p>\t\t\t\t\t\t<\/div>\n\t\t\t\t<\/div>\n\t\t\t\t\t<\/div>\n\t\t<\/div>\n\t\t\t\t\t\t\t<\/div>\n\t\t<\/section>\n\t\t\t\t\t\t\t<\/div>\n\t\t","protected":false},"excerpt":{"rendered":"<p>A escleroterapia com espuma \u00e9 boa t\u00e9cnica para o controle da insufici\u00eancia venosa cr\u00f4nica (IVC). A coincid\u00eancia de ter surgido junto com o ecodoppler foi muito feliz, pois permitiu o monitoramento constante da efici\u00eancia do m\u00e9todo e seu aprimoramento. Uma verdadeira revolu\u00e7\u00e3o na Medicina. Este livro \u00e9 destinado a todos os angiologistas e cirurgi\u00f5es-vasculares que queiram se reciclar e melhorar [&hellip;]<\/p>\n","protected":false},"author":1,"featured_media":0,"parent":0,"menu_order":0,"comment_status":"closed","ping_status":"closed","template":"","meta":{"footnotes":""},"class_list":["post-625","page","type-page","status-publish","hentry"],"_links":{"self":[{"href":"https:\/\/franciscoreisbastos.com.br\/index.php?rest_route=\/wp\/v2\/pages\/625","targetHints":{"allow":["GET"]}}],"collection":[{"href":"https:\/\/franciscoreisbastos.com.br\/index.php?rest_route=\/wp\/v2\/pages"}],"about":[{"href":"https:\/\/franciscoreisbastos.com.br\/index.php?rest_route=\/wp\/v2\/types\/page"}],"author":[{"embeddable":true,"href":"https:\/\/franciscoreisbastos.com.br\/index.php?rest_route=\/wp\/v2\/users\/1"}],"replies":[{"embeddable":true,"href":"https:\/\/franciscoreisbastos.com.br\/index.php?rest_route=%2Fwp%2Fv2%2Fcomments&post=625"}],"version-history":[{"count":7,"href":"https:\/\/franciscoreisbastos.com.br\/index.php?rest_route=\/wp\/v2\/pages\/625\/revisions"}],"predecessor-version":[{"id":632,"href":"https:\/\/franciscoreisbastos.com.br\/index.php?rest_route=\/wp\/v2\/pages\/625\/revisions\/632"}],"wp:attachment":[{"href":"https:\/\/franciscoreisbastos.com.br\/index.php?rest_route=%2Fwp%2Fv2%2Fmedia&parent=625"}],"curies":[{"name":"wp","href":"https:\/\/api.w.org\/{rel}","templated":true}]}}