{"id":76,"date":"2022-07-10T20:44:37","date_gmt":"2022-07-10T23:44:37","guid":{"rendered":"http:\/\/franciscoreisbastos.com.br\/?page_id=76"},"modified":"2022-08-17T18:35:53","modified_gmt":"2022-08-17T21:35:53","slug":"home","status":"publish","type":"page","link":"https:\/\/franciscoreisbastos.com.br\/","title":{"rendered":"Home"},"content":{"rendered":"\t\t<div data-elementor-type=\"wp-page\" data-elementor-id=\"76\" class=\"elementor elementor-76\">\n\t\t\t\t\t\t\t\t\t<section class=\"elementor-section elementor-top-section elementor-element elementor-element-6f8695e elementor-section-boxed elementor-section-height-default elementor-section-height-default\" data-id=\"6f8695e\" data-element_type=\"section\">\n\t\t\t\t\t\t<div class=\"elementor-container elementor-column-gap-default\">\n\t\t\t\t\t<div class=\"elementor-column elementor-col-50 elementor-top-column elementor-element elementor-element-744a9d7\" data-id=\"744a9d7\" data-element_type=\"column\">\n\t\t\t<div class=\"elementor-widget-wrap elementor-element-populated\">\n\t\t\t\t\t\t\t\t<div class=\"elementor-element elementor-element-e5495d2 elementor-widget elementor-widget-image\" data-id=\"e5495d2\" data-element_type=\"widget\" data-widget_type=\"image.default\">\n\t\t\t\t<div class=\"elementor-widget-container\">\n\t\t\t<style>\/*! elementor - v3.6.7 - 03-07-2022 *\/\n.elementor-widget-image{text-align:center}.elementor-widget-image a{display:inline-block}.elementor-widget-image a img[src$=\".svg\"]{width:48px}.elementor-widget-image img{vertical-align:middle;display:inline-block}<\/style>\t\t\t\t\t\t\t\t\t\t\t\t\t<a href=\"http:\/\/franciscoreisbastos.com.br\/?page_id=11\">\n\t\t\t\t\t\t\t<img loading=\"lazy\" decoding=\"async\" width=\"768\" height=\"1024\" src=\"https:\/\/franciscoreisbastos.com.br\/wp-content\/uploads\/2022\/07\/WhatsApp-Image-2022-07-17-at-22.09.59-1.jpeg\" class=\"attachment-large size-large\" alt=\"\" srcset=\"https:\/\/franciscoreisbastos.com.br\/wp-content\/uploads\/2022\/07\/WhatsApp-Image-2022-07-17-at-22.09.59-1.jpeg 768w, https:\/\/franciscoreisbastos.com.br\/wp-content\/uploads\/2022\/07\/WhatsApp-Image-2022-07-17-at-22.09.59-1-225x300.jpeg 225w, https:\/\/franciscoreisbastos.com.br\/wp-content\/uploads\/2022\/07\/WhatsApp-Image-2022-07-17-at-22.09.59-1-230x307.jpeg 230w, https:\/\/franciscoreisbastos.com.br\/wp-content\/uploads\/2022\/07\/WhatsApp-Image-2022-07-17-at-22.09.59-1-350x467.jpeg 350w, https:\/\/franciscoreisbastos.com.br\/wp-content\/uploads\/2022\/07\/WhatsApp-Image-2022-07-17-at-22.09.59-1-480x640.jpeg 480w\" sizes=\"auto, (max-width: 768px) 100vw, 768px\" \/>\t\t\t\t\t\t\t\t<\/a>\n\t\t\t\t\t\t\t\t\t\t\t\t\t\t\t<\/div>\n\t\t\t\t<\/div>\n\t\t\t\t\t<\/div>\n\t\t<\/div>\n\t\t\t\t<div class=\"elementor-column elementor-col-50 elementor-top-column elementor-element elementor-element-2b568a6\" data-id=\"2b568a6\" data-element_type=\"column\">\n\t\t\t<div class=\"elementor-widget-wrap elementor-element-populated\">\n\t\t\t\t\t\t\t\t<div class=\"elementor-element elementor-element-e902286 elementor-widget elementor-widget-heading\" data-id=\"e902286\" data-element_type=\"widget\" data-widget_type=\"heading.default\">\n\t\t\t\t<div class=\"elementor-widget-container\">\n\t\t\t<style>\/*! elementor - v3.6.7 - 03-07-2022 *\/\n.elementor-heading-title{padding:0;margin:0;line-height:1}.elementor-widget-heading .elementor-heading-title[class*=elementor-size-]>a{color:inherit;font-size:inherit;line-height:inherit}.elementor-widget-heading .elementor-heading-title.elementor-size-small{font-size:15px}.elementor-widget-heading .elementor-heading-title.elementor-size-medium{font-size:19px}.elementor-widget-heading .elementor-heading-title.elementor-size-large{font-size:29px}.elementor-widget-heading .elementor-heading-title.elementor-size-xl{font-size:39px}.elementor-widget-heading .elementor-heading-title.elementor-size-xxl{font-size:59px}<\/style><h1 class=\"elementor-heading-title elementor-size-default\"><a href=\"http:\/\/franciscoreisbastos.com.br\/?page_id=11\">Francisco Reis Bastos<\/a><\/h1>\t\t<\/div>\n\t\t\t\t<\/div>\n\t\t\t\t<div class=\"elementor-element elementor-element-afe873a elementor-widget elementor-widget-text-editor\" data-id=\"afe873a\" data-element_type=\"widget\" data-widget_type=\"text-editor.default\">\n\t\t\t\t<div class=\"elementor-widget-container\">\n\t\t\t<style>\/*! elementor - v3.6.7 - 03-07-2022 *\/\n.elementor-widget-text-editor.elementor-drop-cap-view-stacked .elementor-drop-cap{background-color:#818a91;color:#fff}.elementor-widget-text-editor.elementor-drop-cap-view-framed .elementor-drop-cap{color:#818a91;border:3px solid;background-color:transparent}.elementor-widget-text-editor:not(.elementor-drop-cap-view-default) .elementor-drop-cap{margin-top:8px}.elementor-widget-text-editor:not(.elementor-drop-cap-view-default) .elementor-drop-cap-letter{width:1em;height:1em}.elementor-widget-text-editor .elementor-drop-cap{float:left;text-align:center;line-height:1;font-size:50px}.elementor-widget-text-editor .elementor-drop-cap-letter{display:inline-block}<\/style>\t\t\t\t<p>O m\u00e9dico angiologista se formou pela Faculdade de Medicina da Universidade Federal de Minas Gerais (UFMG), em 1973. \u00c9 autor de v\u00e1rios livros, como Escleroterapia com espuma, da editora Folium \u2013 Belo Horizonte com vers\u00e3o impressa e e-book, Varrendo Flores, Contracontos, Paix\u00e3o pela vida e Er\u00f3ticca, co-editor do livro Varizes e Telangiectasias com Ivan\u00e9sio Merlo pela Editora DiLivros (RJ). Ele tamb\u00e9m gravou o CD &#8220;Dom Quixote&#8221; com letras autorais e o DVD Curso completo de Escleroterapia com espuma pela Meddco.<\/p>\t\t\t\t\t\t<\/div>\n\t\t\t\t<\/div>\n\t\t\t\t<div class=\"elementor-element elementor-element-3a40fa0 elementor-align-center elementor-button-info elementor-invisible elementor-widget elementor-widget-button\" data-id=\"3a40fa0\" data-element_type=\"widget\" data-settings=\"{&quot;_animation&quot;:&quot;fadeIn&quot;}\" data-widget_type=\"button.default\">\n\t\t\t\t<div class=\"elementor-widget-container\">\n\t\t\t\t\t<div class=\"elementor-button-wrapper\">\n\t\t\t<a href=\"http:\/\/franciscoreisbastos.com.br\/?page_id=11\" class=\"elementor-button-link elementor-button elementor-size-md\" role=\"button\">\n\t\t\t\t\t\t<span class=\"elementor-button-content-wrapper\">\n\t\t\t\t\t\t<span class=\"elementor-button-text\">Clique para saber mais<\/span>\n\t\t<\/span>\n\t\t\t\t\t<\/a>\n\t\t<\/div>\n\t\t\t\t<\/div>\n\t\t\t\t<\/div>\n\t\t\t\t\t<\/div>\n\t\t<\/div>\n\t\t\t\t\t\t\t<\/div>\n\t\t<\/section>\n\t\t\t\t<section class=\"elementor-section elementor-top-section elementor-element elementor-element-69e8dce elementor-section-stretched elementor-section-boxed elementor-section-height-default elementor-section-height-default\" data-id=\"69e8dce\" data-element_type=\"section\" data-settings=\"{&quot;stretch_section&quot;:&quot;section-stretched&quot;,&quot;background_background&quot;:&quot;classic&quot;}\">\n\t\t\t\t\t\t\t<div class=\"elementor-background-overlay\"><\/div>\n\t\t\t\t\t\t\t<div class=\"elementor-container elementor-column-gap-default\">\n\t\t\t\t\t<div class=\"elementor-column elementor-col-100 elementor-top-column elementor-element elementor-element-bb6136f\" data-id=\"bb6136f\" data-element_type=\"column\">\n\t\t\t<div class=\"elementor-widget-wrap elementor-element-populated\">\n\t\t\t\t\t\t\t\t<div class=\"elementor-element elementor-element-ee49d74 elementor-widget elementor-widget-heading\" data-id=\"ee49d74\" data-element_type=\"widget\" data-widget_type=\"heading.default\">\n\t\t\t\t<div class=\"elementor-widget-container\">\n\t\t\t<h1 class=\"elementor-heading-title elementor-size-default\">LIVROS<\/h1>\t\t<\/div>\n\t\t\t\t<\/div>\n\t\t\t\t\t<\/div>\n\t\t<\/div>\n\t\t\t\t\t\t\t<\/div>\n\t\t<\/section>\n\t\t\t\t<section class=\"elementor-section elementor-top-section elementor-element elementor-element-4c9a2a0 elementor-section-stretched elementor-section-boxed elementor-section-height-default elementor-section-height-default\" data-id=\"4c9a2a0\" data-element_type=\"section\" data-settings=\"{&quot;stretch_section&quot;:&quot;section-stretched&quot;,&quot;background_background&quot;:&quot;classic&quot;}\">\n\t\t\t\t\t\t<div class=\"elementor-container elementor-column-gap-default\">\n\t\t\t\t\t<div class=\"elementor-column elementor-col-33 elementor-top-column elementor-element elementor-element-d327e27\" data-id=\"d327e27\" data-element_type=\"column\">\n\t\t\t<div class=\"elementor-widget-wrap elementor-element-populated\">\n\t\t\t\t\t\t\t\t<div class=\"elementor-element elementor-element-0c6fbda elementor-widget elementor-widget-heading\" data-id=\"0c6fbda\" data-element_type=\"widget\" data-widget_type=\"heading.default\">\n\t\t\t\t<div class=\"elementor-widget-container\">\n\t\t\t<h3 class=\"elementor-heading-title elementor-size-default\"><b>Para pacientes<\/b><\/h3>\t\t<\/div>\n\t\t\t\t<\/div>\n\t\t\t\t<div class=\"elementor-element elementor-element-11cbaf9 elementor-widget elementor-widget-image\" data-id=\"11cbaf9\" data-element_type=\"widget\" data-widget_type=\"image.default\">\n\t\t\t\t<div class=\"elementor-widget-container\">\n\t\t\t\t\t\t\t\t\t\t\t\t\t\t\t\t<a href=\"http:\/\/franciscoreisbastos.com.br\/?page_id=22\">\n\t\t\t\t\t\t\t<img loading=\"lazy\" decoding=\"async\" width=\"197\" height=\"300\" src=\"https:\/\/franciscoreisbastos.com.br\/wp-content\/uploads\/2022\/07\/WhatsApp-Image-2022-07-17-at-11.44.55-1-197x300.jpeg\" class=\"attachment-medium size-medium\" alt=\"\" srcset=\"https:\/\/franciscoreisbastos.com.br\/wp-content\/uploads\/2022\/07\/WhatsApp-Image-2022-07-17-at-11.44.55-1-197x300.jpeg 197w, https:\/\/franciscoreisbastos.com.br\/wp-content\/uploads\/2022\/07\/WhatsApp-Image-2022-07-17-at-11.44.55-1-674x1024.jpeg 674w, https:\/\/franciscoreisbastos.com.br\/wp-content\/uploads\/2022\/07\/WhatsApp-Image-2022-07-17-at-11.44.55-1-768x1168.jpeg 768w, https:\/\/franciscoreisbastos.com.br\/wp-content\/uploads\/2022\/07\/WhatsApp-Image-2022-07-17-at-11.44.55-1-1010x1536.jpeg 1010w, https:\/\/franciscoreisbastos.com.br\/wp-content\/uploads\/2022\/07\/WhatsApp-Image-2022-07-17-at-11.44.55-1-1347x2048.jpeg 1347w, https:\/\/franciscoreisbastos.com.br\/wp-content\/uploads\/2022\/07\/WhatsApp-Image-2022-07-17-at-11.44.55-1-920x1399.jpeg 920w, https:\/\/franciscoreisbastos.com.br\/wp-content\/uploads\/2022\/07\/WhatsApp-Image-2022-07-17-at-11.44.55-1-230x350.jpeg 230w, https:\/\/franciscoreisbastos.com.br\/wp-content\/uploads\/2022\/07\/WhatsApp-Image-2022-07-17-at-11.44.55-1-350x532.jpeg 350w, https:\/\/franciscoreisbastos.com.br\/wp-content\/uploads\/2022\/07\/WhatsApp-Image-2022-07-17-at-11.44.55-1-480x730.jpeg 480w, https:\/\/franciscoreisbastos.com.br\/wp-content\/uploads\/2022\/07\/WhatsApp-Image-2022-07-17-at-11.44.55-1-scaled.jpeg 1684w\" sizes=\"auto, (max-width: 197px) 100vw, 197px\" \/>\t\t\t\t\t\t\t\t<\/a>\n\t\t\t\t\t\t\t\t\t\t\t\t\t\t\t<\/div>\n\t\t\t\t<\/div>\n\t\t\t\t\t<\/div>\n\t\t<\/div>\n\t\t\t\t<div class=\"elementor-column elementor-col-33 elementor-top-column elementor-element elementor-element-5b4b7b8\" data-id=\"5b4b7b8\" data-element_type=\"column\">\n\t\t\t<div class=\"elementor-widget-wrap elementor-element-populated\">\n\t\t\t\t\t\t\t\t<div class=\"elementor-element elementor-element-ed2c70d elementor-widget elementor-widget-heading\" data-id=\"ed2c70d\" data-element_type=\"widget\" data-widget_type=\"heading.default\">\n\t\t\t\t<div class=\"elementor-widget-container\">\n\t\t\t<h3 class=\"elementor-heading-title elementor-size-default\"><b>Para m\u00e9dicos<\/b><\/h3>\t\t<\/div>\n\t\t\t\t<\/div>\n\t\t\t\t<div class=\"elementor-element elementor-element-156b715 elementor-widget elementor-widget-image\" data-id=\"156b715\" data-element_type=\"widget\" data-widget_type=\"image.default\">\n\t\t\t\t<div class=\"elementor-widget-container\">\n\t\t\t\t\t\t\t\t\t\t\t\t\t\t\t\t<a href=\"http:\/\/franciscoreisbastos.com.br\/?page_id=22\">\n\t\t\t\t\t\t\t<img loading=\"lazy\" decoding=\"async\" width=\"216\" height=\"300\" src=\"https:\/\/franciscoreisbastos.com.br\/wp-content\/uploads\/2022\/08\/livro-216x300.jpg\" class=\"attachment-medium size-medium\" alt=\"\" srcset=\"https:\/\/franciscoreisbastos.com.br\/wp-content\/uploads\/2022\/08\/livro-216x300.jpg 216w, https:\/\/franciscoreisbastos.com.br\/wp-content\/uploads\/2022\/08\/livro-230x319.jpg 230w, https:\/\/franciscoreisbastos.com.br\/wp-content\/uploads\/2022\/08\/livro-350x485.jpg 350w, https:\/\/franciscoreisbastos.com.br\/wp-content\/uploads\/2022\/08\/livro.jpg 360w\" sizes=\"auto, (max-width: 216px) 100vw, 216px\" \/>\t\t\t\t\t\t\t\t<\/a>\n\t\t\t\t\t\t\t\t\t\t\t\t\t\t\t<\/div>\n\t\t\t\t<\/div>\n\t\t\t\t\t<\/div>\n\t\t<\/div>\n\t\t\t\t<div class=\"elementor-column elementor-col-33 elementor-top-column elementor-element elementor-element-2a4c9d4\" data-id=\"2a4c9d4\" data-element_type=\"column\">\n\t\t\t<div class=\"elementor-widget-wrap elementor-element-populated\">\n\t\t\t\t\t\t\t\t<div class=\"elementor-element elementor-element-754f6ee elementor-widget elementor-widget-heading\" data-id=\"754f6ee\" data-element_type=\"widget\" data-widget_type=\"heading.default\">\n\t\t\t\t<div class=\"elementor-widget-container\">\n\t\t\t<h3 class=\"elementor-heading-title elementor-size-default\"><b>Para lazer<\/b><\/h3>\t\t<\/div>\n\t\t\t\t<\/div>\n\t\t\t\t<div class=\"elementor-element elementor-element-80f1ce5 elementor-widget elementor-widget-image\" data-id=\"80f1ce5\" data-element_type=\"widget\" data-widget_type=\"image.default\">\n\t\t\t\t<div class=\"elementor-widget-container\">\n\t\t\t\t\t\t\t\t\t\t\t\t\t\t\t\t<a href=\"http:\/\/franciscoreisbastos.com.br\/?page_id=22\">\n\t\t\t\t\t\t\t<img loading=\"lazy\" decoding=\"async\" width=\"194\" height=\"300\" src=\"https:\/\/franciscoreisbastos.com.br\/wp-content\/uploads\/2022\/07\/WhatsApp-Image-2022-07-17-at-11.44.53-1-194x300.jpeg\" class=\"attachment-medium size-medium\" alt=\"\" srcset=\"https:\/\/franciscoreisbastos.com.br\/wp-content\/uploads\/2022\/07\/WhatsApp-Image-2022-07-17-at-11.44.53-1-194x300.jpeg 194w, https:\/\/franciscoreisbastos.com.br\/wp-content\/uploads\/2022\/07\/WhatsApp-Image-2022-07-17-at-11.44.53-1-661x1024.jpeg 661w, https:\/\/franciscoreisbastos.com.br\/wp-content\/uploads\/2022\/07\/WhatsApp-Image-2022-07-17-at-11.44.53-1-768x1189.jpeg 768w, https:\/\/franciscoreisbastos.com.br\/wp-content\/uploads\/2022\/07\/WhatsApp-Image-2022-07-17-at-11.44.53-1-992x1536.jpeg 992w, https:\/\/franciscoreisbastos.com.br\/wp-content\/uploads\/2022\/07\/WhatsApp-Image-2022-07-17-at-11.44.53-1-1323x2048.jpeg 1323w, https:\/\/franciscoreisbastos.com.br\/wp-content\/uploads\/2022\/07\/WhatsApp-Image-2022-07-17-at-11.44.53-1-920x1425.jpeg 920w, https:\/\/franciscoreisbastos.com.br\/wp-content\/uploads\/2022\/07\/WhatsApp-Image-2022-07-17-at-11.44.53-1-230x356.jpeg 230w, https:\/\/franciscoreisbastos.com.br\/wp-content\/uploads\/2022\/07\/WhatsApp-Image-2022-07-17-at-11.44.53-1-350x542.jpeg 350w, https:\/\/franciscoreisbastos.com.br\/wp-content\/uploads\/2022\/07\/WhatsApp-Image-2022-07-17-at-11.44.53-1-480x743.jpeg 480w, https:\/\/franciscoreisbastos.com.br\/wp-content\/uploads\/2022\/07\/WhatsApp-Image-2022-07-17-at-11.44.53-1-scaled.jpeg 1653w\" sizes=\"auto, (max-width: 194px) 100vw, 194px\" \/>\t\t\t\t\t\t\t\t<\/a>\n\t\t\t\t\t\t\t\t\t\t\t\t\t\t\t<\/div>\n\t\t\t\t<\/div>\n\t\t\t\t\t<\/div>\n\t\t<\/div>\n\t\t\t\t\t\t\t<\/div>\n\t\t<\/section>\n\t\t\t\t<section class=\"elementor-section elementor-top-section elementor-element elementor-element-3e6e163 elementor-section-boxed elementor-section-height-default elementor-section-height-default\" data-id=\"3e6e163\" data-element_type=\"section\">\n\t\t\t\t\t\t<div class=\"elementor-container elementor-column-gap-default\">\n\t\t\t\t\t<div class=\"elementor-column elementor-col-100 elementor-top-column elementor-element elementor-element-a4705d4\" data-id=\"a4705d4\" data-element_type=\"column\">\n\t\t\t<div class=\"elementor-widget-wrap elementor-element-populated\">\n\t\t\t\t\t\t\t\t<div class=\"elementor-element elementor-element-2da6ffe elementor-widget elementor-widget-heading\" data-id=\"2da6ffe\" data-element_type=\"widget\" data-widget_type=\"heading.default\">\n\t\t\t\t<div class=\"elementor-widget-container\">\n\t\t\t<h2 class=\"elementor-heading-title elementor-size-default\">Agende sua consulta <\/h2>\t\t<\/div>\n\t\t\t\t<\/div>\n\t\t\t\t<div class=\"elementor-element elementor-element-3c919dd elementor-widget elementor-widget-text-editor\" data-id=\"3c919dd\" data-element_type=\"widget\" data-widget_type=\"text-editor.default\">\n\t\t\t\t<div class=\"elementor-widget-container\">\n\t\t\t\t\t\t\t<p style=\"font-size: 19px;\"><span style=\"color: var(--sydney-text-color);\">Endere\u00e7o:\u00a0<\/span>rua dos Otoni, 909 \u2013 Santa Efig\u00eania, Belo Horizonte \u2013 MG<\/p><p style=\"font-size: 19px;\"><span style=\"color: var(--sydney-text-color);\">Contato:<\/span>\u00a0(31) 3213-1393<span style=\"color: var(--sydney-text-color);\"> \/ contato@franciscoreisbastos.com.br<\/span><\/p>\t\t\t\t\t\t<\/div>\n\t\t\t\t<\/div>\n\t\t\t\t<div class=\"elementor-element elementor-element-b37350b elementor-widget elementor-widget-google_maps\" data-id=\"b37350b\" data-element_type=\"widget\" data-widget_type=\"google_maps.default\">\n\t\t\t\t<div class=\"elementor-widget-container\">\n\t\t\t<style>\/*! elementor - v3.6.7 - 03-07-2022 *\/\n.elementor-widget-google_maps .elementor-widget-container{overflow:hidden}.elementor-widget-google_maps iframe{height:300px}<\/style>\t\t<div class=\"elementor-custom-embed\">\n\t\t\t<iframe frameborder=\"0\" scrolling=\"no\" marginheight=\"0\" marginwidth=\"0\"\n\t\t\t\t\tsrc=\"https:\/\/maps.google.com\/maps?q=Endere%C3%A7o%3A%20rua%20dos%20Otoni%2C%20909%20%E2%80%93%20Santa%20Efig%C3%AAnia%2C%20Belo%20Horizonte%20%E2%80%93%20MG&#038;t=m&#038;z=10&#038;output=embed&#038;iwloc=near\"\n\t\t\t\t\ttitle=\"Endere\u00e7o: rua dos Otoni, 909 \u2013 Santa Efig\u00eania, Belo Horizonte \u2013 MG\"\n\t\t\t\t\taria-label=\"Endere\u00e7o: rua dos Otoni, 909 \u2013 Santa Efig\u00eania, Belo Horizonte \u2013 MG\"\n\t\t\t><\/iframe>\n\t\t<\/div>\n\t\t\t\t<\/div>\n\t\t\t\t<\/div>\n\t\t\t\t\t<\/div>\n\t\t<\/div>\n\t\t\t\t\t\t\t<\/div>\n\t\t<\/section>\n\t\t\t\t\t\t\t<\/div>\n\t\t","protected":false},"excerpt":{"rendered":"<p>Francisco Reis Bastos O m\u00e9dico angiologista se formou pela Faculdade de Medicina da Universidade Federal de Minas Gerais (UFMG), em 1973. \u00c9 autor de v\u00e1rios livros, como Escleroterapia com espuma, da editora Folium \u2013 Belo Horizonte com vers\u00e3o impressa e e-book, Varrendo Flores, Contracontos, Paix\u00e3o pela vida e Er\u00f3ticca, co-editor do livro Varizes e Telangiectasias com Ivan\u00e9sio Merlo pela Editora [&hellip;]<\/p>\n","protected":false},"author":1,"featured_media":0,"parent":0,"menu_order":0,"comment_status":"closed","ping_status":"closed","template":"elementor_header_footer","meta":{"footnotes":""},"class_list":["post-76","page","type-page","status-publish","hentry"],"_links":{"self":[{"href":"https:\/\/franciscoreisbastos.com.br\/index.php?rest_route=\/wp\/v2\/pages\/76","targetHints":{"allow":["GET"]}}],"collection":[{"href":"https:\/\/franciscoreisbastos.com.br\/index.php?rest_route=\/wp\/v2\/pages"}],"about":[{"href":"https:\/\/franciscoreisbastos.com.br\/index.php?rest_route=\/wp\/v2\/types\/page"}],"author":[{"embeddable":true,"href":"https:\/\/franciscoreisbastos.com.br\/index.php?rest_route=\/wp\/v2\/users\/1"}],"replies":[{"embeddable":true,"href":"https:\/\/franciscoreisbastos.com.br\/index.php?rest_route=%2Fwp%2Fv2%2Fcomments&post=76"}],"version-history":[{"count":172,"href":"https:\/\/franciscoreisbastos.com.br\/index.php?rest_route=\/wp\/v2\/pages\/76\/revisions"}],"predecessor-version":[{"id":599,"href":"https:\/\/franciscoreisbastos.com.br\/index.php?rest_route=\/wp\/v2\/pages\/76\/revisions\/599"}],"wp:attachment":[{"href":"https:\/\/franciscoreisbastos.com.br\/index.php?rest_route=%2Fwp%2Fv2%2Fmedia&parent=76"}],"curies":[{"name":"wp","href":"https:\/\/api.w.org\/{rel}","templated":true}]}}